{"id":707,"date":"2015-06-12T13:49:42","date_gmt":"2015-06-12T13:49:42","guid":{"rendered":"http:\/\/www.leclaux-puymary.com\/?page_id=707"},"modified":"2023-12-07T07:01:34","modified_gmt":"2023-12-07T06:01:34","slug":"equitation","status":"publish","type":"page","link":"https:\/\/leclaux-puymary.com\/index.php\/activites\/equitation\/","title":{"rendered":"Equitation"},"content":{"rendered":"<div class=\"wp-block-image\">\n<figure class=\"aligncenter size-full is-resized\"><img loading=\"lazy\" decoding=\"async\" width=\"822\" height=\"529\" src=\"http:\/\/leclauxpuymary.com\/wp-content\/uploads\/2023\/12\/2023-12-06_12h37_57.png\" alt=\"\" class=\"wp-image-25261\" style=\"width:528px;height:auto\" srcset=\"https:\/\/leclaux-puymary.com\/wp-content\/uploads\/2023\/12\/2023-12-06_12h37_57.png 822w, https:\/\/leclaux-puymary.com\/wp-content\/uploads\/2023\/12\/2023-12-06_12h37_57-300x193.png 300w, https:\/\/leclaux-puymary.com\/wp-content\/uploads\/2023\/12\/2023-12-06_12h37_57-768x494.png 768w\" sizes=\"auto, (max-width: 822px) 100vw, 822px\" \/><\/figure>\n<\/div>\n\n<p style=\"text-align: justify;\">Le tourisme \u00e9questre et toutes les activit\u00e9s li\u00e9es aux chevaux c&rsquo;est le domaine de Patrick, le sp\u00e9cialiste de l&rsquo;\u00e9quitation de CANTAL CHEVAL.\u00a0Cantal Cheval vous propose de d\u00e9couvrir les environs de Riom-es-Montagnes, le Pays Gentiane et le Haut-Cantal \u00e0 cheval.<\/p>\n<p style=\"text-align: justify;\">Patrick, guide professionnel de tourisme \u00e9questre, vous accueille dans une \u00e9curie traditionnelle. Il vous pr\u00e9sente la race locale: Cheval Auvergne. Vous pouvez voir et monter diff\u00e9rents chevaux, tous tr\u00e8s dociles.\u00a0Patrick vous propose des balades et des randonn\u00e9es accompagn\u00e9es de une heure \u00e0 la journ\u00e9e, pour d\u00e9couvrir des sentiers en pleine nature ainsi que la faune et la flore du Haut Cantal.<\/p>\n<p style=\"text-align: justify;\">De nombreuses randonn\u00e9es \u00e0 la journ\u00e9e, en \u00e9toile, sont propos\u00e9es sur le Pays Gentiane ainsi que des excursions \u00e0 cheval de plusieurs jours dans le massif Cantalien.\u00a0Vous recherchez une v\u00e9ritable \u00e9vasion dans les grands espaces de l&rsquo;Auvergne ? Patrick loue pour la journ\u00e9e ou plus chevaux et \u00e9quipements pour vos randos sans accompagnant.<\/p>\n<p style=\"text-align: justify;\"><span style=\"text-decoration: underline;\">Contact :\u00a0<\/span><\/p>\n<p style=\"text-align: justify;\"><strong>Patrick VESCHAMBRE<\/strong><br \/>Carte Professionnelle\u00a0d&rsquo;Educateur Sportif N\u00b001596ED0054<br \/>Guide Professionnel de tourisme \u00e9questre<br \/>Accompagnateur de Tourisme Equestre<br \/>dipl\u00f4m\u00e9 DNTE<\/p>\n<p>CANTAL CHEVAL<br \/>La Caire<br \/>15400 RIOM-es-MONTAGNES<\/p>\n<p>Tel : 04 71 78 20 62<\/p>\n<p style=\"text-align: justify;\">Mail :\u00a0cantal-cheval@orange.fr<\/p>\n<p style=\"text-align: justify;\"><a href=\"http:\/\/cantalcheval.cantalpassion.com\">Site internet<\/a><\/p>\n<p><script><br \/>\n  (function(i,s,o,g,r,a,m){i['GoogleAnalyticsObject']=r;i[r]=i[r]||function(){<br \/>\n  (i[r].q=i[r].q||[]).push(arguments)},i[r].l=1*new Date();a=s.createElement(o),<br \/>\n  m=s.getElementsByTagName(o)[0];a.async=1;a.src=g;m.parentNode.insertBefore(a,m)<br \/>\n  })(window,document,'script','\/\/www.google-analytics.com\/analytics.js','ga');<\/p>\n<p>  ga('create', 'UA-63082793-1', 'auto');<br \/>\n  ga('send', 'pageview');<\/p>\n<p><\/script><\/p>\n<p><a title=\"WebAnalytics\" href=\"http:\/\/www.xiti.com\/xiti.asp?s=119847\" target=\"_top\" rel=\"noopener\"><br \/><script type=\"text\/javascript\"><br \/>\n<!--\nXt_param = 's=119847&p=';\ntry {Xt_r = top.document.referrer;}\ncatch(e) {Xt_r = document.referrer; }\nXt_h = new Date();\nXt_i = '<img width=\"80\" height=\"15\" border=\"0\" alt=\"\" ';\nXt_i += 'src=\"http:\/\/logv22.xiti.com\/g.xiti?'+Xt_param;\nXt_i += '&hl='+Xt_h.getHours()+'x'+Xt_h.getMinutes()+'x'+Xt_h.getSeconds();\nif(parseFloat(navigator.appVersion)>=4)\n{Xt_s=screen;Xt_i+='&r='+Xt_s.width+'x'+Xt_s.height+'x'+Xt_s.pixelDepth+'x'+Xt_s.colorDepth;}\ndocument.write(Xt_i+'&ref='+Xt_r.replace(\/[<>\"]\/g, '').replace(\/&\/g, '$')+'\" title=\"Internet Audience\">');\n\/\/--><br \/>\n<\/script><br \/><noscript><br \/>\nMesure d&rsquo;audience ROI statistique webanalytics par <img loading=\"lazy\" decoding=\"async\" width=\"80\" height=\"15\" src=\"http:\/\/logv22.xiti.com\/g.xiti?s=119847&amp;p=\" alt=\"WebAnalytics\"><br \/>\n<\/noscript><\/a><\/p>","protected":false},"excerpt":{"rendered":"<p>Le tourisme \u00e9questre et toutes les activit\u00e9s li\u00e9es aux chevaux c&rsquo;est le domaine de Patrick, le sp\u00e9cialiste de l&rsquo;\u00e9quitation de CANTAL CHEVAL.\u00a0Cantal Cheval vous propose de d\u00e9couvrir les environs de Riom-es-Montagnes, le Pays Gentiane et le Haut-Cantal \u00e0 cheval. Patrick, guide professionnel de tourisme \u00e9questre, vous accueille dans une \u00e9curie traditionnelle. Il vous pr\u00e9sente la [&hellip;]<\/p>\n","protected":false},"author":1,"featured_media":0,"parent":138,"menu_order":10,"comment_status":"closed","ping_status":"open","template":"","meta":{"om_disable_all_campaigns":false,"_monsterinsights_skip_tracking":false,"_monsterinsights_sitenote_active":false,"_monsterinsights_sitenote_note":"","_monsterinsights_sitenote_category":0,"footnotes":""},"class_list":["post-707","page","type-page","status-publish","hentry"],"aioseo_notices":[],"_links":{"self":[{"href":"https:\/\/leclaux-puymary.com\/index.php\/wp-json\/wp\/v2\/pages\/707","targetHints":{"allow":["GET"]}}],"collection":[{"href":"https:\/\/leclaux-puymary.com\/index.php\/wp-json\/wp\/v2\/pages"}],"about":[{"href":"https:\/\/leclaux-puymary.com\/index.php\/wp-json\/wp\/v2\/types\/page"}],"author":[{"embeddable":true,"href":"https:\/\/leclaux-puymary.com\/index.php\/wp-json\/wp\/v2\/users\/1"}],"replies":[{"embeddable":true,"href":"https:\/\/leclaux-puymary.com\/index.php\/wp-json\/wp\/v2\/comments?post=707"}],"version-history":[{"count":3,"href":"https:\/\/leclaux-puymary.com\/index.php\/wp-json\/wp\/v2\/pages\/707\/revisions"}],"predecessor-version":[{"id":25268,"href":"https:\/\/leclaux-puymary.com\/index.php\/wp-json\/wp\/v2\/pages\/707\/revisions\/25268"}],"up":[{"embeddable":true,"href":"https:\/\/leclaux-puymary.com\/index.php\/wp-json\/wp\/v2\/pages\/138"}],"wp:attachment":[{"href":"https:\/\/leclaux-puymary.com\/index.php\/wp-json\/wp\/v2\/media?parent=707"}],"curies":[{"name":"wp","href":"https:\/\/api.w.org\/{rel}","templated":true}]}}