{"id":274,"date":"2015-04-20T14:54:47","date_gmt":"2015-04-20T14:54:47","guid":{"rendered":"http:\/\/127.0.0.1:4001\/wordpress\/?page_id=274"},"modified":"2026-04-01T15:08:18","modified_gmt":"2026-04-01T13:08:18","slug":"escalade","status":"publish","type":"page","link":"https:\/\/leclaux-puymary.com\/index.php\/activites\/escalade\/","title":{"rendered":"Escalade !"},"content":{"rendered":"<div class=\"wp-block-image\">\n<figure class=\"aligncenter size-full\"><img loading=\"lazy\" decoding=\"async\" width=\"756\" height=\"503\" src=\"http:\/\/leclauxpuymary.com\/wp-content\/uploads\/2023\/12\/2023-12-04_20h08_55.png\" alt=\"\" class=\"wp-image-25011\" srcset=\"https:\/\/leclaux-puymary.com\/wp-content\/uploads\/2023\/12\/2023-12-04_20h08_55.png 756w, https:\/\/leclaux-puymary.com\/wp-content\/uploads\/2023\/12\/2023-12-04_20h08_55-300x200.png 300w\" sizes=\"auto, (max-width: 756px) 100vw, 756px\" \/><\/figure>\n<\/div>\n\n<p><strong>Sites d&rsquo;escalade :<\/strong><\/p>\n<p><span style=\"text-decoration: underline;\">Puy de la Tourte<\/span> : 24 voies, difficult\u00e9 de 3 \u00e0 6 selon les voies.<\/p>\n<p>Acc\u00e8s depuis le GR400 \u00e0 partir du Pas de Peyrol.<\/p>\n<hr \/>\n<p><span style=\"text-decoration: underline;\">Roche des Chamois<\/span> : 10 voies, difficult\u00e9 de 4 \u00e0 6 selon les voies.<\/p>\n<p>Acc\u00e8s depuis le GR400 \u00e0 partir du Pas de Peyrol.<\/p>\n<hr \/>\n<p><span style=\"text-decoration: underline;\">Roc d&rsquo;Hozi\u00e8res<\/span> : 52 voies, difficult\u00e9 de 3 \u00e0 7 selon les voies.<\/p>\n<p>Acc\u00e8s depuis la D680.<\/p>\n<p>\u00a0<\/p>\n<p><strong>Renseignements et encadrement<\/strong> :<\/p>\n<ul>\n<li>Coaching de la Vall\u00e9e : 06 11 40 27 31 &#8211; <a href=\"https:\/\/coachingdelavallee.fr\/\" target=\"_blank\" rel=\"nofollow noopener\">coachingdelavallee.fr<\/a><\/li>\n<li>Club Alpin Fran\u00e7ais du Haut Cantal : 04 71 78 14 63<\/li>\n<\/ul>\n<p>\u00a0<\/p>\n<p><script><br \/>\n  (function(i,s,o,g,r,a,m){i['GoogleAnalyticsObject']=r;i[r]=i[r]||function(){<br \/>\n  (i[r].q=i[r].q||[]).push(arguments)},i[r].l=1*new Date();a=s.createElement(o),<br \/>\n  m=s.getElementsByTagName(o)[0];a.async=1;a.src=g;m.parentNode.insertBefore(a,m)<br \/>\n  })(window,document,'script','\/\/www.google-analytics.com\/analytics.js','ga');<\/p>\n<p>  ga('create', 'UA-63082793-1', 'auto');<br \/>\n  ga('send', 'pageview');<\/p>\n<p><\/script><\/p>\n<p><a title=\"WebAnalytics\" href=\"http:\/\/www.xiti.com\/xiti.asp?s=119847\" target=\"_top\" rel=\"noopener\"><br \/><script type=\"text\/javascript\"><br \/>\n<!--\nXt_param = 's=119847&p=';\ntry {Xt_r = top.document.referrer;}\ncatch(e) {Xt_r = document.referrer; }\nXt_h = new Date();\nXt_i = '<img width=\"80\" height=\"15\" border=\"0\" alt=\"\" ';\nXt_i += 'src=\"http:\/\/logv22.xiti.com\/g.xiti?'+Xt_param;\nXt_i += '&hl='+Xt_h.getHours()+'x'+Xt_h.getMinutes()+'x'+Xt_h.getSeconds();\nif(parseFloat(navigator.appVersion)>=4)\n{Xt_s=screen;Xt_i+='&r='+Xt_s.width+'x'+Xt_s.height+'x'+Xt_s.pixelDepth+'x'+Xt_s.colorDepth;}\ndocument.write(Xt_i+'&ref='+Xt_r.replace(\/[<>\"]\/g, '').replace(\/&\/g, '$')+'\" title=\"Internet Audience\">');\n\/\/--><br \/>\n<\/script><br \/><noscript><br \/>\nMesure d&rsquo;audience ROI statistique webanalytics par <img loading=\"lazy\" decoding=\"async\" width=\"80\" height=\"15\" src=\"http:\/\/logv22.xiti.com\/g.xiti?s=119847&amp;p=\" alt=\"WebAnalytics\"><br \/>\n<\/noscript><\/a><\/p>","protected":false},"excerpt":{"rendered":"<p>Sites d&rsquo;escalade : Puy de la Tourte : 24 voies, difficult\u00e9 de 3 \u00e0 6 selon les voies. Acc\u00e8s depuis le GR400 \u00e0 partir du Pas de Peyrol. Roche des Chamois : 10 voies, difficult\u00e9 de 4 \u00e0 6 selon les voies. Acc\u00e8s depuis le GR400 \u00e0 partir du Pas de Peyrol. Roc d&rsquo;Hozi\u00e8res : [&hellip;]<\/p>\n","protected":false},"author":1,"featured_media":0,"parent":138,"menu_order":4,"comment_status":"closed","ping_status":"open","template":"","meta":{"om_disable_all_campaigns":false,"_monsterinsights_skip_tracking":false,"_monsterinsights_sitenote_active":false,"_monsterinsights_sitenote_note":"","_monsterinsights_sitenote_category":0,"footnotes":""},"class_list":["post-274","page","type-page","status-publish","hentry"],"aioseo_notices":[],"_links":{"self":[{"href":"https:\/\/leclaux-puymary.com\/index.php\/wp-json\/wp\/v2\/pages\/274","targetHints":{"allow":["GET"]}}],"collection":[{"href":"https:\/\/leclaux-puymary.com\/index.php\/wp-json\/wp\/v2\/pages"}],"about":[{"href":"https:\/\/leclaux-puymary.com\/index.php\/wp-json\/wp\/v2\/types\/page"}],"author":[{"embeddable":true,"href":"https:\/\/leclaux-puymary.com\/index.php\/wp-json\/wp\/v2\/users\/1"}],"replies":[{"embeddable":true,"href":"https:\/\/leclaux-puymary.com\/index.php\/wp-json\/wp\/v2\/comments?post=274"}],"version-history":[{"count":4,"href":"https:\/\/leclaux-puymary.com\/index.php\/wp-json\/wp\/v2\/pages\/274\/revisions"}],"predecessor-version":[{"id":27200,"href":"https:\/\/leclaux-puymary.com\/index.php\/wp-json\/wp\/v2\/pages\/274\/revisions\/27200"}],"up":[{"embeddable":true,"href":"https:\/\/leclaux-puymary.com\/index.php\/wp-json\/wp\/v2\/pages\/138"}],"wp:attachment":[{"href":"https:\/\/leclaux-puymary.com\/index.php\/wp-json\/wp\/v2\/media?parent=274"}],"curies":[{"name":"wp","href":"https:\/\/api.w.org\/{rel}","templated":true}]}}