{"id":259,"date":"2015-04-20T14:12:51","date_gmt":"2015-04-20T14:12:51","guid":{"rendered":"http:\/\/127.0.0.1:4001\/wordpress\/?page_id=259"},"modified":"2026-03-30T17:46:31","modified_gmt":"2026-03-30T15:46:31","slug":"randonnees-pedestres","status":"publish","type":"page","link":"https:\/\/leclaux-puymary.com\/index.php\/activites\/randonnees-pedestres\/","title":{"rendered":"Randonn\u00e9es au Puy Mary \u2013 Sentiers et balades autour du Claux, Cantal"},"content":{"rendered":"<div class=\"wp-block-image\">\n<figure class=\"aligncenter size-full\"><img loading=\"lazy\" decoding=\"async\" width=\"686\" height=\"463\" src=\"http:\/\/leclauxpuymary.com\/wp-content\/uploads\/2023\/12\/2023-12-04_20h08_02.png\" alt=\"\" class=\"wp-image-25008\" srcset=\"https:\/\/leclaux-puymary.com\/wp-content\/uploads\/2023\/12\/2023-12-04_20h08_02.png 686w, https:\/\/leclaux-puymary.com\/wp-content\/uploads\/2023\/12\/2023-12-04_20h08_02-300x202.png 300w\" sizes=\"auto, (max-width: 686px) 100vw, 686px\" \/><\/figure>\n<\/div>\n\n<p class=\"font-claude-response-body break-words whitespace-normal leading-[1.7]\">Blotti \u00e0 1 050 m d&rsquo;altitude au pied du <strong>Puy Mary<\/strong>, le village du <strong>Claux<\/strong> offre, au c\u0153ur du <strong>massif volcanique cantalien<\/strong>, de nombreuses possibilit\u00e9s de randonn\u00e9es pour tous les niveaux.<\/p>\n<p class=\"font-claude-response-body break-words whitespace-normal leading-[1.7]\">Venez profiter de l&rsquo;air pur des montagnes dans la superbe <strong>vall\u00e9e glaciaire de la Petite Rhue<\/strong>, o\u00f9 la vari\u00e9t\u00e9 et la beaut\u00e9 des paysages promettent un d\u00e9paysement total.<\/p>\n<hr class=\"border-border-200 border-t-0.5 my-3 mx-1.5\" \/>\n<h4 class=\"text-text-100 mt-2 -mb-1 text-base font-bold\">\ud83e\udd7e Les Grands Randonneurs (GR)<\/h4>\n<p class=\"font-claude-response-body break-words whitespace-normal leading-[1.7]\">Les <strong>GR4 et GR400<\/strong>, balis\u00e9s en rouge et blanc, traversent le village du Claux et permettent de r\u00e9aliser le c\u00e9l\u00e8bre <strong>Tour du Cantal<\/strong>. Ces itin\u00e9raires de grande randonn\u00e9e offrent des panoramas exceptionnels sur les sommets volcaniques du Cantal.<\/p>\n<hr class=\"border-border-200 border-t-0.5 my-3 mx-1.5\" \/>\n<h4 class=\"text-text-100 mt-2 -mb-1 text-base font-bold\">\ud83d\uddfa\ufe0f Les Petites Randonn\u00e9es (PR)<\/h4>\n<p class=\"font-claude-response-body break-words whitespace-normal leading-[1.7]\">Au d\u00e9part du centre du village, plusieurs <strong>sentiers de Petite Randonn\u00e9e (PR)<\/strong> balis\u00e9s permettent de d\u00e9couvrir les richesses naturelles du secteur \u00e0 votre rythme : prairies d&rsquo;altitude, for\u00eats, estives et points de vue sur le Puy Mary.<\/p>\n<hr class=\"border-border-200 border-t-0.5 my-3 mx-1.5\" \/>\n<h4 class=\"text-text-100 mt-2 -mb-1 text-base font-bold\">\ud83d\udccd Informations pratiques<\/h4>\n<ul class=\"[li_&amp;]:mb-0 [li_&amp;]:mt-1 [li_&amp;]:gap-1 [&amp;:not(:last-child)_ul]:pb-1 [&amp;:not(:last-child)_ol]:pb-1 list-disc flex flex-col gap-1 pl-8 mb-3\">\n<li class=\"whitespace-normal break-words pl-2\"><strong>D\u00e9part :<\/strong> centre du village du Claux (Cantal \u2013 15)<\/li>\n<\/ul>\n<ul>\n<li style=\"list-style-type: none;\">\n<ul>\n<li>Le Bois Mary :\u00a0<a href=\"http:\/\/leclaux-puymary.com\/wp-content\/uploads\/2025\/06\/LeboisMary.pdf\" target=\"_blank\" rel=\"noopener\">Fiche rando Le Bois Mary<\/a>\u00a0<\/li>\n<li>Les Burons : <a href=\"http:\/\/leclaux-puymary.com\/wp-content\/uploads\/2025\/06\/Lesburons.pdf\" target=\"_blank\" rel=\"noopener\">Fiche rando Les Burons<\/a><\/li>\n<li>Les Chamois : <a href=\"http:\/\/leclaux-puymary.com\/wp-content\/uploads\/2025\/06\/Leschamois.pdf\" target=\"_blank\" rel=\"noopener\">Fiche Rando Les Chamois<\/a><\/li>\n<\/ul>\n<\/li>\n<\/ul>\n<ul class=\"[li_&amp;]:mb-0 [li_&amp;]:mt-1 [li_&amp;]:gap-1 [&amp;:not(:last-child)_ul]:pb-1 [&amp;:not(:last-child)_ol]:pb-1 list-disc flex flex-col gap-1 pl-8 mb-3\">\n<li class=\"whitespace-normal break-words pl-2\"><strong>Niveau :<\/strong> de facile \u00e0 difficile selon les itin\u00e9raires<\/li>\n<li class=\"whitespace-normal break-words pl-2\"><strong>Balisage :<\/strong> rouge et blanc (GR) \/ jaune (PR)<\/li>\n<li class=\"whitespace-normal break-words pl-2\"><strong>P\u00e9riode conseill\u00e9e :<\/strong> mai \u00e0 octobre<\/li>\n<\/ul>\n<ul>\n<li style=\"list-style-type: none;\">\u00a0<\/li>\n<\/ul>\n<p>\u00a0<\/p>\n<p>D&rsquo;autres sentiers de randonn\u00e9es se trouvent aux alentours comme par exemple :<\/p>\n<ul>\n<li>Boucle du Puy Mary : <a href=\"http:\/\/leclaux-puymary.com\/wp-content\/uploads\/2025\/06\/BoucleduPuyMary-LeClaux.pdf\" target=\"_blank\" rel=\"noopener\">Fiche rando Boucle du Puy Mary<\/a><\/li>\n<li>Boucle de la Br\u00e8che de Rolland : <a href=\"http:\/\/leclaux-puymary.com\/wp-content\/uploads\/2025\/06\/BoucledelaBrechedeRolland-LeClaux.pdf\" target=\"_blank\" rel=\"noopener\">Fiche rando Boucle de la Br\u00e8che de Rolland Le Claux<\/a><\/li>\n<li>Les Ombrages : <a href=\"http:\/\/leclaux-puymary.com\/wp-content\/uploads\/2025\/06\/Lesombrages.pdf\" target=\"_blank\" rel=\"noopener\">Fiche rando les Ombrages<\/a><\/li>\n<li>Le Lac des Cascades : <a href=\"http:\/\/leclaux-puymary.com\/wp-content\/uploads\/2025\/06\/Lelacdescascades.pdf\" target=\"_blank\" rel=\"noopener\">Fiche rando Le Lac des Cascades<\/a><\/li>\n<li>Le Sentier des Quirous : <a href=\"http:\/\/leclaux-puymary.com\/wp-content\/uploads\/2025\/06\/Sentierdesquiroux.pdf\" target=\"_blank\" rel=\"noopener\">Fiche rando Sentier des Quiroux<\/a><\/li>\n<\/ul>\n<p style=\"text-align: justify;\">Pour ceux qui souhaitent d\u00e9couvrir \u00e0 leur rythme le patrimoine de la vall\u00e9e et \u00e0 destination d&rsquo;un public familial, vous pourrez arpenter les sentiers d&rsquo;interpr\u00e9tations propos\u00e9s par l&rsquo;Office de Tourisme du Pays Gentiane :<\/p>\n<ul>\n<li>Les cascades de Cheylade (1h30 \/ 1,5 km \u00e0 Cheylade)<\/li>\n<li>La Font Sainte (1h15 \/ 1km \u00e0 Saint &#8211; Hyppolite)<\/li>\n<li>L&rsquo;ENS Marilhou (2h15 \/ 6 km \u00e0 Trizac)<\/li>\n<li>Le Chemin des Pierres sculpt\u00e9es (1h \/ 3 km \u00e0 Menet)<\/li>\n<li>Sentier Botanique (1h30 \/ 3,5 km \u00e0 Saint &#8211; Etienne de Chomeil)<\/li>\n<li>Sentier de la Taphanel (1h15 \/ 2,8 km \u00e0 Riom &#8211; \u00e8s &#8211; Montagnes)<\/li>\n<\/ul>\n<hr \/>\n<p>Vous pouvez t\u00e9l\u00e9charger l&rsquo;application Espace Nature Puy Mary qui r\u00e9f\u00e9rence tous les parcours de trail, de randonn\u00e9es p\u00e9destres, VTT et \u00e9questres\u00a0 sur le secteur du Puy Mary Grand Site:<\/p>\n<p><a href=\"https:\/\/apps.apple.com\/fr\/app\/puy-mary-espace-trail\/id1358871513\">T\u00e9l\u00e9chargement iOS<\/a><\/p>\n<p><a href=\"https:\/\/play.google.com\/store\/apps\/details?id=com.tracedetrail.puymary\">T\u00e9l\u00e9chargement Android<\/a><\/p>\n<hr \/>\n<p>Pour en savoir plus :<\/p>\n<p><a href=\"http:\/\/rando.cantal.fr\/\" target=\"_blank\" rel=\"noopener noreferrer\">Cantal Randonn\u00e9e<\/a><br \/><a href=\"http:\/\/www.puymary.fr\/fr\/node\/332\" target=\"_blank\" rel=\"noopener noreferrer\">Grand Site National &#8211; Puy Mary, Volcan du Cantal<\/a><br \/><a href=\"https:\/\/www.destinationhautcantal.fr\/jy-suis\/activites-de-pleine-nature\/randonnees\/\" target=\"_blank\" rel=\"noopener noreferrer\">Office Tourisme Destination\u00a0 Haut Cantal<\/a><\/p>\n<p><a title=\"WebAnalytics\" href=\"http:\/\/www.xiti.com\/xiti.asp?s=119847\" target=\"_top\" rel=\"noopener noreferrer\"><noscript><br \/>\nMesure d&rsquo;audience ROI statistique webanalytics par <img loading=\"lazy\" decoding=\"async\" width=\"80\" height=\"15\" src=\"http:\/\/logv22.xiti.com\/g.xiti?s=119847&amp;p=\" alt=\"WebAnalytics\"><br \/>\n<\/noscript><\/a><\/p>","protected":false},"excerpt":{"rendered":"<p>Blotti \u00e0 1 050 m d&rsquo;altitude au pied du Puy Mary, le village du Claux offre, au c\u0153ur du massif volcanique cantalien, de nombreuses possibilit\u00e9s de randonn\u00e9es pour tous les niveaux. Venez profiter de l&rsquo;air pur des montagnes dans la superbe vall\u00e9e glaciaire de la Petite Rhue, o\u00f9 la vari\u00e9t\u00e9 et la beaut\u00e9 des paysages [&hellip;]<\/p>\n","protected":false},"author":1,"featured_media":0,"parent":138,"menu_order":1,"comment_status":"closed","ping_status":"open","template":"","meta":{"om_disable_all_campaigns":false,"_monsterinsights_skip_tracking":false,"_monsterinsights_sitenote_active":false,"_monsterinsights_sitenote_note":"","_monsterinsights_sitenote_category":0,"footnotes":""},"class_list":["post-259","page","type-page","status-publish","hentry"],"aioseo_notices":[],"_links":{"self":[{"href":"https:\/\/leclaux-puymary.com\/index.php\/wp-json\/wp\/v2\/pages\/259","targetHints":{"allow":["GET"]}}],"collection":[{"href":"https:\/\/leclaux-puymary.com\/index.php\/wp-json\/wp\/v2\/pages"}],"about":[{"href":"https:\/\/leclaux-puymary.com\/index.php\/wp-json\/wp\/v2\/types\/page"}],"author":[{"embeddable":true,"href":"https:\/\/leclaux-puymary.com\/index.php\/wp-json\/wp\/v2\/users\/1"}],"replies":[{"embeddable":true,"href":"https:\/\/leclaux-puymary.com\/index.php\/wp-json\/wp\/v2\/comments?post=259"}],"version-history":[{"count":16,"href":"https:\/\/leclaux-puymary.com\/index.php\/wp-json\/wp\/v2\/pages\/259\/revisions"}],"predecessor-version":[{"id":27185,"href":"https:\/\/leclaux-puymary.com\/index.php\/wp-json\/wp\/v2\/pages\/259\/revisions\/27185"}],"up":[{"embeddable":true,"href":"https:\/\/leclaux-puymary.com\/index.php\/wp-json\/wp\/v2\/pages\/138"}],"wp:attachment":[{"href":"https:\/\/leclaux-puymary.com\/index.php\/wp-json\/wp\/v2\/media?parent=259"}],"curies":[{"name":"wp","href":"https:\/\/api.w.org\/{rel}","templated":true}]}}