{"id":167,"date":"2015-04-17T09:33:07","date_gmt":"2015-04-17T09:33:07","guid":{"rendered":"http:\/\/127.0.0.1:4001\/wordpress\/?page_id=167"},"modified":"2023-12-07T07:07:43","modified_gmt":"2023-12-07T06:07:43","slug":"le-village-le-claux-gites-puy-mary","status":"publish","type":"page","link":"https:\/\/leclaux-puymary.com\/index.php\/claux-puy-mary-gites\/le-village-le-claux-gites-puy-mary\/","title":{"rendered":"Pr\u00e9sentation"},"content":{"rendered":"\n<div class=\"wp-block-columns is-layout-flex wp-container-core-columns-is-layout-9d6595d7 wp-block-columns-is-layout-flex\">\n<div class=\"wp-block-column is-layout-flow wp-block-column-is-layout-flow\">\n<figure class=\"wp-block-image size-full is-resized\"><img loading=\"lazy\" decoding=\"async\" width=\"583\" height=\"329\" src=\"http:\/\/leclauxpuymary.com\/wp-content\/uploads\/2023\/12\/2023-12-04_19h51_26.png\" alt=\"\" class=\"wp-image-24992\" style=\"width:418px;height:auto\" srcset=\"https:\/\/leclaux-puymary.com\/wp-content\/uploads\/2023\/12\/2023-12-04_19h51_26.png 583w, https:\/\/leclaux-puymary.com\/wp-content\/uploads\/2023\/12\/2023-12-04_19h51_26-300x169.png 300w\" sizes=\"auto, (max-width: 583px) 100vw, 583px\" \/><\/figure>\n<\/div>\n\n\n\n<div class=\"wp-block-column is-layout-flow wp-block-column-is-layout-flow\">\n<figure class=\"wp-block-image size-large is-resized\"><img loading=\"lazy\" decoding=\"async\" width=\"1024\" height=\"576\" src=\"http:\/\/leclauxpuymary.com\/wp-content\/uploads\/2023\/12\/lc001-1024x576.jpg\" alt=\"\" class=\"wp-image-25273\" style=\"width:416px;height:auto\" srcset=\"https:\/\/leclaux-puymary.com\/wp-content\/uploads\/2023\/12\/lc001-1024x576.jpg 1024w, https:\/\/leclaux-puymary.com\/wp-content\/uploads\/2023\/12\/lc001-300x169.jpg 300w, https:\/\/leclaux-puymary.com\/wp-content\/uploads\/2023\/12\/lc001-768x432.jpg 768w, https:\/\/leclaux-puymary.com\/wp-content\/uploads\/2023\/12\/lc001-1536x864.jpg 1536w, https:\/\/leclaux-puymary.com\/wp-content\/uploads\/2023\/12\/lc001-2048x1152.jpg 2048w\" sizes=\"auto, (max-width: 1024px) 100vw, 1024px\" \/><\/figure>\n<\/div>\n<\/div>\n\n\n<p style=\"text-align: justify;\">Au coeur du Parc Naturel R\u00e9gional des Volcans d\u2019Auvergne, le Claux, Station Verte de Vacances et Village de Neige, est un charmant village au pied du Massif du Puy Mary, Grand Site National. La superbe vall\u00e9e glaciaire dans laquelle se niche Le Claux, \u00e0 1050 m d\u2019altitude, rec\u00e8le de nombreux atouts faisant de ses paysages de moyenne montagne un v\u00e9ritable paradis pour les amoureux de nature et d\u2019espace.<\/p>\n<p style=\"text-align: justify;\">Un programme d\u2019animations (pot d\u2019accueil, soir\u00e9es dansantes, diaporamas) est propos\u00e9 en p\u00e9riode de grandes vacances scolaires.<\/p>\n<p style=\"text-align: justify;\">L\u2019hiver, les adeptes des sports de plein air pourront s\u2019adonner au ski de fond, au ski de randonn\u00e9e, aux balades en raquettes \u00e0 neige ou encore \u00e0 l\u2019escalade de cascades de glace.<\/p>\n<p style=\"text-align: justify;\">Pendant les autres saisons, vous pourrez pratiquer le parapente, l\u2019\u00e9quitation, le VTT, la p\u00eache en rivi\u00e8re ou sur \u00e9tang \u00e0 proximit\u00e9 du village, mais aussi la randonn\u00e9e sur des sentiers de PR ou GR. Venez aussi profiter de nos produits terroirs dans l\u2019une des nombreuses fromageries que vous pourrez rencontrer au village ou aux alentours.<a title=\"WebAnalytics\" href=\"http:\/\/www.xiti.com\/xiti.asp?s=119847\" target=\"_top\" rel=\"noopener noreferrer\"><br \/><noscript><br \/>\nMesure d&rsquo;audience ROI statistique webanalytics par <img loading=\"lazy\" decoding=\"async\" width=\"80\" height=\"15\" src=\"http:\/\/logv22.xiti.com\/g.xiti?s=119847&amp;p=\" alt=\"WebAnalytics\"><br \/>\n<\/noscript><\/a><br \/>Avec neuf Zones d&rsquo;Int\u00e9r\u00eat Ecologique Faunistique et Floristique, le village compte parmi ses habitants de nombreuses esp\u00e8ces prot\u00e9g\u00e9es qui vivent dans ces endroits privil\u00e9gi\u00e9s. Vous pourrez profiter de leur pr\u00e9sence dans des lieux tels que le Bois Mary, le Bois de la Bragouse, le nord du Plateau du Limon, \u00e0 la Roche de l&rsquo;Aygue et du Suc Gros ainsi que sur le Puy du Niermont et le Puy Mary. Ce n&rsquo;est pas d&rsquo;ailleurs un hasard si le village\u00a0 fait partie du Parc Naturel R\u00e9gional des Volcans d&rsquo;Auvergne. Pour continuer ces d\u00e9couvertes naturelles rendez-vous au Bois de Chabraire ou au Puy de la Tourte pour d\u00e9couvrir d&rsquo;autres esp\u00e8ces naturelles qui se d\u00e9veloppent \u00e0 l&rsquo;abri des activit\u00e9s humaines.<\/p>\n<p>Mais aussi &#8230;&#8230; !<\/p>\n<div class=\"wp-block-image\">\u00a0<\/div>\n<h3><a href=\"http:\/\/www.leclaux-puymary.com\/activites\/\" target=\"_blank\" rel=\"noopener noreferrer\">Activit\u00e9s Animations<\/a><\/h3>\n<p>Un programme d&rsquo;animations (pot d&rsquo;accueil, soir\u00e9es dansantes, diaporamas) est propos\u00e9 en p\u00e9riode de grandes vacances scolaires. \u00a0 L&rsquo;hiver, les adeptes des sports de plein air pourront s&rsquo;adonner au <a href=\"http:\/\/www.leclaux-puymary.com\/?page_id=307\" target=\"_blank\" rel=\"noopener noreferrer\">ski de fond<\/a>, au ski de randonn\u00e9e, aux balades en raquettes \u00e0 neige ou encore \u00e0 l&rsquo;escalade de cascades de glace autour du Puy Mary \u00e0 partir du Col de Serre ou de Lascourt. Pendant les autres saisons, vous pourrez pratiquer <a href=\"http:\/\/parapente-puy-mary.com\/\" target=\"_blank\" rel=\"noopener noreferrer\">le parapente<\/a>, <a href=\"http:\/\/www.leclaux-puymary.com\/?page_id=707\" target=\"_blank\" rel=\"noopener noreferrer\">l&rsquo;\u00e9quitation<\/a>, <a href=\"http:\/\/www.leclaux-puymary.com\/?page_id=264\" target=\"_blank\" rel=\"noopener noreferrer\">le VTT<\/a>, <a href=\"http:\/\/pechezpaysgentianeblog.blogspot.fr\/\" target=\"_blank\" rel=\"noopener noreferrer\">la p\u00eache<\/a> en rivi\u00e8re ou sur \u00e9tang \u00e0 proximit\u00e9 du village, mais aussi <a href=\"http:\/\/www.leclaux-puymary.com\/?page_id=259\" target=\"_blank\" rel=\"noopener noreferrer\">la randonn\u00e9e<\/a> sur des sentiers de PR ou GR qui vous permettront d&rsquo;avoir une vue imprenable sur le Puy Mary. Venez aussi profiter de nos produits terroirs dans l&rsquo;une des nombreuses <a href=\"http:\/\/www.leclaux-puymary.com\/?page_id=181\" target=\"_blank\" rel=\"noopener noreferrer\">fromageries<\/a> que vous pourrez rencontrer au village ou aux alentours.<\/p>\n<h3><a href=\"http:\/\/www.leclaux-puymary.com\/gites\/gites-de-lespinette\/\" target=\"_blank\" rel=\"noopener noreferrer\">G\u00eetes &#8211; G\u00eetes de groupe &#8211; Camping&#8230;<\/a><\/h3>\n<p>La commune du Claux offre une multitude d&rsquo;offres de locations saisonni\u00e8res au pied du Puy Mary pour vos vacances, vos rassemblements de famille, vos r\u00e9unions d&rsquo;association en cours ou en long s\u00e9jour. Vous aurez le choix entre g\u00eetes, g\u00eetes de groupes, meubl\u00e9s, camping, chalets, chambres d&rsquo;h\u00f4tes, g\u00eete d&rsquo;\u00e9tape, buron refuge, h\u00f4tel&#8230; de quoi passer un agr\u00e9able s\u00e9jour au pied du Puy Mary.\u00a0\u00a0\u00a0<\/p>\n<p><strong>Contact<\/strong><\/p>\n<p>Tourisme &#8211; h\u00e9bergements &#8211; activit\u00e9s<\/p>\n<p>Maison de la Montagne &#8211; 04 71 78 93 88<\/p>\n<p>Administratif<\/p>\n<p>Mairie &#8211; 04 71 78 93 11<a title=\"WebAnalytics\" href=\"http:\/\/www.xiti.com\/xiti.asp?s=119847\" target=\"_top\" rel=\"noopener noreferrer\"><br \/><noscript><br \/>\nMesure d&rsquo;audience ROI statistique webanalytics par <img loading=\"lazy\" decoding=\"async\" width=\"80\" height=\"15\" src=\"http:\/\/logv22.xiti.com\/g.xiti?s=119847&amp;p=\" alt=\"WebAnalytics\"><br \/<\/noscript><\/a><\/p>\n\n\n<div class=\"wp-block-columns is-layout-flex wp-container-core-columns-is-layout-9d6595d7 wp-block-columns-is-layout-flex\">\n<div class=\"wp-block-column is-layout-flow wp-block-column-is-layout-flow\">\n<figure class=\"wp-block-image size-full\"><img loading=\"lazy\" decoding=\"async\" width=\"111\" height=\"107\" src=\"http:\/\/leclauxpuymary.com\/wp-content\/uploads\/2023\/12\/2023-12-04_19h51_58.png\" alt=\"\" class=\"wp-image-24996\"\/><\/figure>\n<\/div>\n\n\n\n<div class=\"wp-block-column is-layout-flow wp-block-column-is-layout-flow\">\n<figure class=\"wp-block-image size-full\"><img loading=\"lazy\" decoding=\"async\" width=\"120\" height=\"100\" src=\"http:\/\/leclauxpuymary.com\/wp-content\/uploads\/2023\/12\/2023-12-04_19h51_50.png\" alt=\"\" class=\"wp-image-24995\"\/><\/figure>\n<\/div>\n\n\n\n<div class=\"wp-block-column is-layout-flow wp-block-column-is-layout-flow\">\n<figure class=\"wp-block-image size-full\"><img loading=\"lazy\" decoding=\"async\" width=\"111\" height=\"104\" src=\"http:\/\/leclauxpuymary.com\/wp-content\/uploads\/2023\/12\/2023-12-04_19h51_45.png\" alt=\"\" class=\"wp-image-24994\"\/><\/figure>\n<\/div>\n<\/div>\n\n\n\n<p><\/p>\n","protected":false},"excerpt":{"rendered":"<p>Au coeur du Parc Naturel R\u00e9gional des Volcans d\u2019Auvergne, le Claux, Station Verte de Vacances et Village de Neige, est un charmant village au pied du Massif du Puy Mary, Grand Site National. La superbe vall\u00e9e glaciaire dans laquelle se niche Le Claux, \u00e0 1050 m d\u2019altitude, rec\u00e8le de nombreux atouts faisant de ses paysages [&hellip;]<\/p>\n","protected":false},"author":1,"featured_media":0,"parent":131,"menu_order":1,"comment_status":"closed","ping_status":"open","template":"","meta":{"om_disable_all_campaigns":false,"_monsterinsights_skip_tracking":false,"_monsterinsights_sitenote_active":false,"_monsterinsights_sitenote_note":"","_monsterinsights_sitenote_category":0,"footnotes":""},"class_list":["post-167","page","type-page","status-publish","hentry"],"aioseo_notices":[],"_links":{"self":[{"href":"https:\/\/leclaux-puymary.com\/index.php\/wp-json\/wp\/v2\/pages\/167","targetHints":{"allow":["GET"]}}],"collection":[{"href":"https:\/\/leclaux-puymary.com\/index.php\/wp-json\/wp\/v2\/pages"}],"about":[{"href":"https:\/\/leclaux-puymary.com\/index.php\/wp-json\/wp\/v2\/types\/page"}],"author":[{"embeddable":true,"href":"https:\/\/leclaux-puymary.com\/index.php\/wp-json\/wp\/v2\/users\/1"}],"replies":[{"embeddable":true,"href":"https:\/\/leclaux-puymary.com\/index.php\/wp-json\/wp\/v2\/comments?post=167"}],"version-history":[{"count":14,"href":"https:\/\/leclaux-puymary.com\/index.php\/wp-json\/wp\/v2\/pages\/167\/revisions"}],"predecessor-version":[{"id":25277,"href":"https:\/\/leclaux-puymary.com\/index.php\/wp-json\/wp\/v2\/pages\/167\/revisions\/25277"}],"up":[{"embeddable":true,"href":"https:\/\/leclaux-puymary.com\/index.php\/wp-json\/wp\/v2\/pages\/131"}],"wp:attachment":[{"href":"https:\/\/leclaux-puymary.com\/index.php\/wp-json\/wp\/v2\/media?parent=167"}],"curies":[{"name":"wp","href":"https:\/\/api.w.org\/{rel}","templated":true}]}}