{"id":140,"date":"2015-04-17T09:00:45","date_gmt":"2015-04-17T09:00:45","guid":{"rendered":"http:\/\/127.0.0.1:4001\/wordpress\/?page_id=140"},"modified":"2026-04-02T14:27:02","modified_gmt":"2026-04-02T12:27:02","slug":"gites-puy-mary-cantal-auvergne","status":"publish","type":"page","link":"https:\/\/leclaux-puymary.com\/index.php\/gites-puy-mary-cantal-auvergne\/","title":{"rendered":"G\u00eetes Cantal Auvergne Parc des Volcans Puy Mary"},"content":{"rendered":"<div class=\"style-341 style-local-140-c1 position-relative\" data-colibri-id=\"140-c1\">\n<div id=\"initial-content\" class=\"h-section h-section-global-spacing d-flex align-items-lg-center align-items-md-center align-items-center style-342 style-local-140-c2 position-relative\" data-colibri-component=\"section\" data-colibri-id=\"140-c2\">\n<div class=\"h-section-grid-container h-section-boxed-container\">\n<div class=\"h-row-container gutters-row-lg-2 gutters-row-md-2 gutters-row-0 gutters-row-v-lg-2 gutters-row-v-md-2 gutters-row-v-2 style-343 style-local-140-c3 position-relative\" data-colibri-id=\"140-c3\">\n<div class=\"h-row justify-content-lg-center justify-content-md-center justify-content-center align-items-lg-stretch align-items-md-stretch align-items-stretch gutters-col-lg-2 gutters-col-md-2 gutters-col-0 gutters-col-v-lg-2 gutters-col-v-md-2 gutters-col-v-2\">\n<div class=\"h-column h-column-container d-flex h-col-lg-auto h-col-md-auto h-col-auto style-344-outer style-local-140-c4-outer\">\n<div class=\"d-flex h-flex-basis h-column__inner h-px-lg-2 h-px-md-2 h-px-2 v-inner-lg-2 v-inner-md-2 v-inner-2 style-344 style-local-140-c4 position-relative\" data-colibri-id=\"140-c4\">\n<div class=\"w-100 h-y-container h-column__content h-column__v-align flex-basis-100 align-self-lg-start align-self-md-start align-self-start\">\n<div class=\"style-345 style-local-140-c5 position-relative h-element\" data-colibri-id=\"140-c5\">\n<h2 data-path-to-node=\"3\">H\u00e9bergements au pied du Puy Mary : Capacit\u00e9 d&rsquo;Accueil Exceptionnelle dans le Cantal<\/h2>\n<p data-path-to-node=\"4\"><b>Bienvenue au Claux-Puymary, votre destination id\u00e9ale pour un s\u00e9jour r\u00e9ussi dans le Parc Naturel R\u00e9gional des Volcans d&rsquo;Auvergne !<\/b><\/p>\n<p data-path-to-node=\"5\">Que vous voyagiez en famille, entre amis, ou en groupe, notre village du Claux Puy Mary dans le Cantal au pied du Puy Mary Grand Site de France a la capacit\u00e9 d&rsquo;accueillir <b>plus de 500 personnes<\/b> dans une large gamme d&rsquo;h\u00e9bergements confortables et adapt\u00e9s \u00e0 toutes les envies et tous les budgets.<\/p>\n<p data-path-to-node=\"5\">Que ce soit pour de <b>longues vacances d&rsquo;\u00e9t\u00e9<\/b> ou pour un simple <b>weekend d\u00e9tente au pied du Puy Mary<\/b>, vous trouverez assur\u00e9ment l&rsquo;offre d&rsquo;h\u00e9bergement qui vous convient dans ce petit coin de paradis du Cantal.<\/p>\n\n<h3 data-path-to-node=\"16\">\ud83c\udfe0H\u00e9bergements Communaux<\/h3>\n<table style=\"height: 226px;\" width=\"993\" data-path-to-node=\"11\">\n<thead>\n<tr>\n<td><\/td>\n<td><\/td>\n<td><\/td>\n<td><\/td>\n<\/tr>\n<\/thead>\n<tbody>\n<tr>\n<td><a href=\"https:\/\/leclaux-puymary.com\/index.php\/gites-de-lespinette-7-a-9-personnes-cantal-auvergne-gite-de-france\/\"><span data-path-to-node=\"11,1,0,0\"><b>G\u00eetes de l\u2019Espinette Grande Capacit\u00e9 Le Claux<\/b><\/span><\/a><\/td>\n<td><span data-path-to-node=\"11,1,1,0\">7 \u00e0 9 personnes<\/span><\/td>\n<td><span data-path-to-node=\"11,1,2,0\">Cl\u00e9vacances 2 cl\u00e9s<\/span><\/td>\n<td><\/td>\n<\/tr>\n<tr>\n<td><a href=\"https:\/\/leclaux-puymary.com\/index.php\/gites-de-lespinette-4-6-personnes-cantal-auvergne-volcan\/\" target=\"_blank\" rel=\"noopener\"><span data-path-to-node=\"11,2,0,0\"><b>G\u00eetes de l\u2019Espinette Famille Cantal<\/b><\/span><\/a><\/td>\n<td><span data-path-to-node=\"11,2,1,0\">4 \u00e0 6 personnes<\/span><\/td>\n<td><span data-path-to-node=\"11,2,2,0\">Cl\u00e9vacances 2 cl\u00e9s<\/span><\/td>\n<td><\/td>\n<\/tr>\n<tr>\n<td><a href=\"https:\/\/leclaux-puymary.com\/index.php\/gite-de-lespinette-pmr-4-6-personnes\/\"><span data-path-to-node=\"11,3,0,0\"><b>G\u00eete de l\u2019Espinette PMR Puy Mary<\/b><\/span><\/a><\/td>\n<td><span data-path-to-node=\"11,3,1,0\">4 \u00e0 6 personnes<\/span><\/td>\n<td><span data-path-to-node=\"11,3,2,0\">Cl\u00e9vacances 2 cl\u00e9s<\/span><\/td>\n<td><\/td>\n<\/tr>\n<tr>\n<td><a href=\"https:\/\/leclaux-puymary.com\/index.php\/gites-puy-mary-cantal-auvergne\/buron-deylac\/\"><span data-path-to-node=\"11,4,0,0\"><b>Buron refuge d\u2019Eylac Cantal\u00a0<\/b><\/span><\/a><\/td>\n<td><span data-path-to-node=\"11,4,1,0\">14 personnes<\/span><\/td>\n<td><span data-path-to-node=\"11,4,2,0\">Refuge de montagne<\/span><\/td>\n<td><\/td>\n<\/tr>\n<tr>\n<td><a href=\"https:\/\/leclaux-puymary.com\/index.php\/gites-puy-mary-cantal-auvergne\/gite-du-giraldes\/\"><span data-path-to-node=\"11,5,0,0\"><b>G\u00eete de Groupe du Giraldes<\/b><\/span><\/a><\/td>\n<td><span data-path-to-node=\"11,5,1,0\">15 personnes<\/span><\/td>\n<td><span data-path-to-node=\"11,5,2,0\">G\u00eete de groupe<\/span><\/td>\n<td><\/td>\n<\/tr>\n<tr>\n<td><a href=\"https:\/\/leclaux-puymary.com\/index.php\/gites-puy-mary-cantal-auvergne\/camping\/\"><span data-path-to-node=\"11,6,0,0\"><b>Camping Only Camp Monts du Cantal<\/b><\/span><\/a><\/td>\n<td><\/td>\n<td><span data-path-to-node=\"11,6,2,0\">Emplacements<\/span><\/td>\n<td><\/td>\n<\/tr>\n<\/tbody>\n<\/table>\n<h3 data-path-to-node=\"16\"><\/h3>\n<h3 data-path-to-node=\"16\">\ud83c\udfe0H\u00e9bergements G\u00e9r\u00e9s par des priv\u00e9s<\/h3>\nEn compl\u00e9ment de l&rsquo;offre communale, plusieurs prestataires priv\u00e9s vous proposent \u00e9galement :\n<ul>\n \t<li><a href=\"https:\/\/leclaux-puymary.com\/index.php\/gites-puy-mary-cantal-auvergne\/gites-prives\/\">G\u00eetes \u00e9tape, meubl\u00e9s, chalets, chambres d&rsquo;h\u00f4tes,&#8230;.<\/a><\/li>\n<\/ul>\n<h3 data-path-to-node=\"16\"><\/h3>\n<h3 data-path-to-node=\"16\">\ud83d\udcde Contact et R\u00e9servation<\/h3>\n<p data-path-to-node=\"17\">N&rsquo;h\u00e9sitez pas \u00e0 nous contacter pour v\u00e9rifier les disponibilit\u00e9s, obtenir des informations suppl\u00e9mentaires sur les h\u00e9bergements (G\u00eetes de l&rsquo;Espinette, Giraldes, Buron d&rsquo;Eylac, Camping, etc.) ou pr\u00e9parer votre s\u00e9jour.<\/p>\n<p data-path-to-node=\"18\"><b>Maison de la Montagne<\/b><\/p>\n\n<ul data-path-to-node=\"19\">\n \t<li>\n<p data-path-to-node=\"19,0,0\"><a href=\"tel:+33471789388\"><b>T\u00e9l\u00e9phone :<\/b> 04 71 78 93 88<\/a><\/p>\n<\/li>\n \t<li>\n<p data-path-to-node=\"19,1,0\"><a href=\"mailto:infos@leclaux-puymary.com\"><b>Mail :<\/b> infos@leclaux-puymary.com<\/a><\/p>\n<\/li>\n<\/ul>\n<script><br \/>\n                      \/\/ < ![CDATA[\n                      \/\/ < ![CDATA[\n                      \/\/ < ![CDATA[\n                      \/\/ < ![CDATA[ (function(i,s,o,g,r,a,m){i['GoogleAnalyticsObject']=r;i[r]=i[r]||function(){ (i[r].q=i[r].q||[]).push(arguments)},i[r].l=1*new Date();a=s.createElement(o), m=s.getElementsByTagName(o)[0];a.async=1;a.src=g;m.parentNode.insertBefore(a,m) })(window,document,'script','\/\/www.google-analytics.com\/analytics.js','ga'); ga('create', 'UA-63082793-1', 'auto'); ga('send', 'pageview');\n                      \/\/ ]]]]]]><![CDATA[><![CDATA[>\n                    <\/script> <a title=\"WebAnalytics\" href=\"http:\/\/www.xiti.com\/xiti.asp?s=119847\" target=\"_top\" rel=\"noopener noreferrer\"> <script type=\"text\/javascript\">\n                        \/\/ < ![CDATA[\n                        \/\/ < ![CDATA[\n                        \/\/ < ![CDATA[\n                        \/\/ < ![CDATA[\n                        Xt_param = 's=119847&#038;p=';\n                        try {\n                          Xt_r = top.document.referrer;\n                        } catch (e) {\n                          Xt_r = document.referrer;\n                        }\n                        Xt_h = new Date();\n                        Xt_i = '<img width=\"80\" height=\"15\" border=\"0\" alt=\"\" ';\n                        Xt_i += 'src=\"http:\/\/logv22.xiti.com\/g.xiti?' + Xt_param;\n                        Xt_i += '&#038;hl=' + Xt_h.getHours() + 'x' + Xt_h.getMinutes() + 'x' + Xt_h.getSeconds();\n                        if (parseFloat(navigator.appVersion) >= 4) < br \/ > {\n                            Xt_s = screen;Xt_i += '&r=' + Xt_s.width + 'x' + Xt_s.height + 'x' + Xt_s.pixelDepth + 'x' + Xt_s.colorDepth;\n                          } < br \/ >\n                          document.write(Xt_i + '&ref=' + Xt_r.replace(\/[<>\"]\/g, '').replace(\/&\/g, '$') + '\" title=\"Internet Audience\">'); < br \/ ><br \/>\n                        \/\/ ]]]]]]><![CDATA[><![CDATA[>\n                      <\/script><noscript>&amp;lt;br \/&amp;gt;&lt;br \/&gt; Mesure d&rsquo;audience ROI statistique webanalytics par &amp;lt;img width=\u00a0\u00bb80&Prime; height=\u00a0\u00bb15&Prime; src=\u00a0\u00bbhttp:\/\/logv22.xiti.com\/g.xiti?s=119847&amp;amp;amp;p=\u00a0\u00bb alt=\u00a0\u00bbWebAnalytics\u00a0\u00bb&amp;gt;&amp;lt;br \/&amp;gt;&lt;br\n                        \/&gt;\n                      <\/noscript><\/a>\n\n<\/div>\n<\/div>\n<\/div>\n<\/div>\n<\/div>\n<\/div>\n<\/div>\n<\/div>\n<\/div>","protected":false},"excerpt":{"rendered":"<p>H\u00e9bergements au pied du Puy Mary : Capacit\u00e9 d&rsquo;Accueil Exceptionnelle dans le Cantal Bienvenue au Claux-Puymary, votre destination id\u00e9ale pour un s\u00e9jour r\u00e9ussi dans le Parc Naturel R\u00e9gional des Volcans d&rsquo;Auvergne ! Que vous voyagiez en famille, entre amis, ou en groupe, notre village du Claux Puy Mary dans le Cantal au pied du Puy [&hellip;]<\/p>\n","protected":false},"author":1,"featured_media":0,"parent":0,"menu_order":4,"comment_status":"closed","ping_status":"open","template":"page-templates\/full-width-page.php","meta":{"om_disable_all_campaigns":false,"_monsterinsights_skip_tracking":false,"_monsterinsights_sitenote_active":false,"_monsterinsights_sitenote_note":"","_monsterinsights_sitenote_category":0,"footnotes":""},"class_list":["post-140","page","type-page","status-publish","hentry"],"aioseo_notices":[],"_links":{"self":[{"href":"https:\/\/leclaux-puymary.com\/index.php\/wp-json\/wp\/v2\/pages\/140","targetHints":{"allow":["GET"]}}],"collection":[{"href":"https:\/\/leclaux-puymary.com\/index.php\/wp-json\/wp\/v2\/pages"}],"about":[{"href":"https:\/\/leclaux-puymary.com\/index.php\/wp-json\/wp\/v2\/types\/page"}],"author":[{"embeddable":true,"href":"https:\/\/leclaux-puymary.com\/index.php\/wp-json\/wp\/v2\/users\/1"}],"replies":[{"embeddable":true,"href":"https:\/\/leclaux-puymary.com\/index.php\/wp-json\/wp\/v2\/comments?post=140"}],"version-history":[{"count":21,"href":"https:\/\/leclaux-puymary.com\/index.php\/wp-json\/wp\/v2\/pages\/140\/revisions"}],"predecessor-version":[{"id":27291,"href":"https:\/\/leclaux-puymary.com\/index.php\/wp-json\/wp\/v2\/pages\/140\/revisions\/27291"}],"wp:attachment":[{"href":"https:\/\/leclaux-puymary.com\/index.php\/wp-json\/wp\/v2\/media?parent=140"}],"curies":[{"name":"wp","href":"https:\/\/api.w.org\/{rel}","templated":true}]}}