{"id":135,"date":"2015-04-17T08:59:36","date_gmt":"2015-04-17T08:59:36","guid":{"rendered":"http:\/\/127.0.0.1:4001\/wordpress\/?page_id=135"},"modified":"2023-12-13T21:32:55","modified_gmt":"2023-12-13T20:32:55","slug":"a-decouvrir","status":"publish","type":"page","link":"https:\/\/leclaux-puymary.com\/index.php\/a-decouvrir\/","title":{"rendered":"A d\u00e9couvrir"},"content":{"rendered":"<p style=\"text-align: center;\">\n<p style=\"text-align: justify;\">Le village du Claux ravira les amateurs de nature et d&rsquo;activit\u00e9s de plein air. Dot\u00e9 d&rsquo;un patrimoine naturel exceptionnel \u00e0 d\u00e9couvrir avec de nombreux espaces bois\u00e9s, des cours d&rsquo;eau et des vues imprenables sur les alentours.<\/p>\n<p style=\"text-align: justify;\">Avec neuf Zones d&rsquo;Int\u00e9r\u00eat Ecologique Faunistique et Floristique, le village compte parmi ses habitants de nombreuses esp\u00e8ces prot\u00e9g\u00e9es qui vivent dans ces endroits privil\u00e9gi\u00e9s. Vous pourrez profiter de leur pr\u00e9sence dans des lieux tels que le Bois Mary, le Bois de la Bragousse, le nord du Plateau du Limon, \u00e0 la Roche de l&rsquo;Aygue et du Suc Gros ainsi que sur le Puy du Niermont et le Puy Mary. Ce n&rsquo;est pas d&rsquo;ailleurs un hasard si le village\u00a0 fait partie du Parc Naturel R\u00e9gional des Volcans d&rsquo;Auvergne. Pour continuer ces d\u00e9couvertes naturelles rendez-vous au Bois de Chabraire ou au Puy de la Tourte pour d\u00e9couvrir d&rsquo;autres esp\u00e8ces naturelles qui se d\u00e9veloppent \u00e0 l&rsquo;abri des activit\u00e9s humaines.<\/p>\n<p style=\"text-align: justify;\">Selon la saison et si vous en avez la patience,\u00a0vous pourrez aussi observer la pr\u00e9sence d&rsquo;oiseaux prot\u00e9g\u00e9s comme le milan royal ou les grands ducs qui viennent profiter de notre sanctuaire naturel.<\/p>\n<p style=\"text-align: justify;\">Le Grand Site National &#8211; Puy Mary, Volcan du Cantal d\u00e9fend fi\u00e8rement les valeurs et les traditions en lien avec le plus grand volcan d&rsquo;Europe. Ainsi les maisons du site situ\u00e9es dans chaque vall\u00e9e du Puy Mary vous accueilleront chaleureusement.<\/p>\n<p style=\"text-align: justify;\">N&rsquo;oubliez pas non plus de visiter le Pays Gentiane dont le terroir, les chemins d&rsquo;interpr\u00e9tations sauront ravir des plus petits ou plus grands. L&rsquo;office de tourisme de Riom &#8211; \u00e8s &#8211; Montagnes vous proposera r\u00e9guli\u00e8rement des animations telles que des initiations p\u00eache, de l&rsquo;observation des marmottes ou encore des ateliers cuisines de myrtille.<\/p>\n<p><script><br \/>\n  (function(i,s,o,g,r,a,m){i['GoogleAnalyticsObject']=r;i[r]=i[r]||function(){<br \/>\n  (i[r].q=i[r].q||[]).push(arguments)},i[r].l=1*new Date();a=s.createElement(o),<br \/>\n  m=s.getElementsByTagName(o)[0];a.async=1;a.src=g;m.parentNode.insertBefore(a,m)<br \/>\n  })(window,document,'script','\/\/www.google-analytics.com\/analytics.js','ga');<\/p>\n<p>  ga('create', 'UA-63082793-1', 'auto');<br \/>\n  ga('send', 'pageview');<\/p>\n<p><\/script><\/p>\n<p><a title=\"WebAnalytics\" href=\"http:\/\/www.xiti.com\/xiti.asp?s=119847\" target=\"_top\" rel=\"noopener\"><br \/>\n<script type=\"text\/javascript\"><br \/>\n<!--\nXt_param = 's=119847&p=';\ntry {Xt_r = top.document.referrer;}\ncatch(e) {Xt_r = document.referrer; }\nXt_h = new Date();\nXt_i = '<img width=\"80\" height=\"15\" border=\"0\" alt=\"\" ';\nXt_i += 'src=\"http:\/\/logv22.xiti.com\/g.xiti?'+Xt_param;\nXt_i += '&hl='+Xt_h.getHours()+'x'+Xt_h.getMinutes()+'x'+Xt_h.getSeconds();\nif(parseFloat(navigator.appVersion)>=4)\n{Xt_s=screen;Xt_i+='&r='+Xt_s.width+'x'+Xt_s.height+'x'+Xt_s.pixelDepth+'x'+Xt_s.colorDepth;}\ndocument.write(Xt_i+'&ref='+Xt_r.replace(\/[<>\"]\/g, '').replace(\/&\/g, '$')+'\" title=\"Internet Audience\">');\n\/\/--><br \/>\n<\/script><br \/>\n<noscript><br \/>\nMesure d&rsquo;audience ROI statistique webanalytics par <img loading=\"lazy\" decoding=\"async\" width=\"80\" height=\"15\" src=\"http:\/\/logv22.xiti.com\/g.xiti?s=119847&#038;p=\" alt=\"WebAnalytics\" \/><br \/>\n<\/noscript><\/a><\/p>\n","protected":false},"excerpt":{"rendered":"<p>Le village du Claux ravira les amateurs de nature et d&rsquo;activit\u00e9s de plein air. Dot\u00e9 d&rsquo;un patrimoine naturel exceptionnel \u00e0 d\u00e9couvrir avec de nombreux espaces bois\u00e9s, des cours d&rsquo;eau et des vues imprenables sur les alentours. Avec neuf Zones d&rsquo;Int\u00e9r\u00eat Ecologique Faunistique et Floristique, le village compte parmi ses habitants de nombreuses esp\u00e8ces prot\u00e9g\u00e9es qui [&hellip;]<\/p>\n","protected":false},"author":1,"featured_media":0,"parent":0,"menu_order":3,"comment_status":"closed","ping_status":"open","template":"","meta":{"om_disable_all_campaigns":false,"_monsterinsights_skip_tracking":false,"_monsterinsights_sitenote_active":false,"_monsterinsights_sitenote_note":"","_monsterinsights_sitenote_category":0,"footnotes":""},"class_list":["post-135","page","type-page","status-publish","hentry"],"aioseo_notices":[],"_links":{"self":[{"href":"https:\/\/leclaux-puymary.com\/index.php\/wp-json\/wp\/v2\/pages\/135","targetHints":{"allow":["GET"]}}],"collection":[{"href":"https:\/\/leclaux-puymary.com\/index.php\/wp-json\/wp\/v2\/pages"}],"about":[{"href":"https:\/\/leclaux-puymary.com\/index.php\/wp-json\/wp\/v2\/types\/page"}],"author":[{"embeddable":true,"href":"https:\/\/leclaux-puymary.com\/index.php\/wp-json\/wp\/v2\/users\/1"}],"replies":[{"embeddable":true,"href":"https:\/\/leclaux-puymary.com\/index.php\/wp-json\/wp\/v2\/comments?post=135"}],"version-history":[{"count":1,"href":"https:\/\/leclaux-puymary.com\/index.php\/wp-json\/wp\/v2\/pages\/135\/revisions"}],"predecessor-version":[{"id":25468,"href":"https:\/\/leclaux-puymary.com\/index.php\/wp-json\/wp\/v2\/pages\/135\/revisions\/25468"}],"wp:attachment":[{"href":"https:\/\/leclaux-puymary.com\/index.php\/wp-json\/wp\/v2\/media?parent=135"}],"curies":[{"name":"wp","href":"https:\/\/api.w.org\/{rel}","templated":true}]}}